{"id":9,"date":"2025-12-30T14:44:32","date_gmt":"2025-12-30T14:44:32","guid":{"rendered":"http:\/\/laurianne-leguern-psychologue.fr\/index.php\/contact-us\/"},"modified":"2026-01-03T22:16:40","modified_gmt":"2026-01-03T22:16:40","slug":"contact-us","status":"publish","type":"page","link":"https:\/\/laurianne-leguern-psychologue.fr\/index.php\/contact-us\/","title":{"rendered":"Contact"},"content":{"rendered":"\t\t<div data-elementor-type=\"wp-page\" data-elementor-id=\"9\" class=\"elementor elementor-9\">\n\t\t\t\t<div class=\"elementor-element elementor-element-6d052474 e-con-full e-flex e-con e-parent\" data-id=\"6d052474\" data-element_type=\"container\">\n\t\t<div class=\"elementor-element elementor-element-453afc61 e-con-full e-flex e-con e-child\" data-id=\"453afc61\" data-element_type=\"container\">\n\t\t\t\t<div class=\"elementor-element elementor-element-5d10f65e elementor-widget elementor-widget-heading\" data-id=\"5d10f65e\" data-element_type=\"widget\" data-widget_type=\"heading.default\">\n\t\t\t\t\t<h1 class=\"elementor-heading-title elementor-size-default\">Contact<\/h1>\t\t\t\t<\/div>\n\t\t\t\t<div class=\"elementor-element elementor-element-531005e5 elementor-widget-divider--view-line elementor-widget elementor-widget-divider\" data-id=\"531005e5\" data-element_type=\"widget\" data-widget_type=\"divider.default\">\n\t\t\t\t\t\t\t<div class=\"elementor-divider\">\n\t\t\t<span class=\"elementor-divider-separator\">\n\t\t\t\t\t\t<\/span>\n\t\t<\/div>\n\t\t\t\t\t\t<\/div>\n\t\t<div class=\"elementor-element elementor-element-77da0f66 e-con-full e-flex e-con e-child\" data-id=\"77da0f66\" data-element_type=\"container\">\n\t\t\t\t<div class=\"elementor-element elementor-element-3e52a42d elementor-widget elementor-widget-heading\" data-id=\"3e52a42d\" data-element_type=\"widget\" data-widget_type=\"heading.default\">\n\t\t\t\t\t<h2 class=\"elementor-heading-title elementor-size-default\">Horaires<\/h2>\t\t\t\t<\/div>\n\t\t\t\t<div class=\"elementor-element elementor-element-3d5aabbe elementor-icon-list--layout-traditional elementor-list-item-link-full_width elementor-widget elementor-widget-icon-list\" data-id=\"3d5aabbe\" data-element_type=\"widget\" data-widget_type=\"icon-list.default\">\n\t\t\t\t\t\t\t<ul class=\"elementor-icon-list-items\">\n\t\t\t\t\t\t\t<li class=\"elementor-icon-list-item\">\n\t\t\t\t\t\t\t\t\t\t<span class=\"elementor-icon-list-text\">Lundi-Mercredi 9h30 - 17h30<\/span>\n\t\t\t\t\t\t\t\t\t<\/li>\n\t\t\t\t\t\t\t\t<li class=\"elementor-icon-list-item\">\n\t\t\t\t\t\t\t\t\t\t<span class=\"elementor-icon-list-text\">Jeudi 9h30 - 19h00<\/span>\n\t\t\t\t\t\t\t\t\t<\/li>\n\t\t\t\t\t\t<\/ul>\n\t\t\t\t\t\t<\/div>\n\t\t\t\t<\/div>\n\t\t<div class=\"elementor-element elementor-element-71a580ab e-con-full e-flex e-con e-child\" data-id=\"71a580ab\" data-element_type=\"container\">\n\t\t\t\t<div class=\"elementor-element elementor-element-675930e2 elementor-widget elementor-widget-heading\" data-id=\"675930e2\" data-element_type=\"widget\" data-widget_type=\"heading.default\">\n\t\t\t\t\t<h2 class=\"elementor-heading-title elementor-size-default\">Coordonn\u00e9es<\/h2>\t\t\t\t<\/div>\n\t\t\t\t<div class=\"elementor-element elementor-element-68627f83 elementor-icon-list--layout-traditional elementor-list-item-link-full_width elementor-widget elementor-widget-icon-list\" data-id=\"68627f83\" data-element_type=\"widget\" data-widget_type=\"icon-list.default\">\n\t\t\t\t\t\t\t<ul class=\"elementor-icon-list-items\">\n\t\t\t\t\t\t\t<li class=\"elementor-icon-list-item\">\n\t\t\t\t\t\t\t\t\t\t<span class=\"elementor-icon-list-text\">06.85.57.35.57.<\/span>\n\t\t\t\t\t\t\t\t\t<\/li>\n\t\t\t\t\t\t\t\t<li class=\"elementor-icon-list-item\">\n\t\t\t\t\t\t\t\t\t\t<span class=\"elementor-icon-list-text\">laurianne.leguern.pro@gmail.com<\/span>\n\t\t\t\t\t\t\t\t\t<\/li>\n\t\t\t\t\t\t<\/ul>\n\t\t\t\t\t\t<\/div>\n\t\t\t\t<\/div>\n\t\t<div class=\"elementor-element elementor-element-5bafbbb e-con-full e-flex e-con e-child\" data-id=\"5bafbbb\" data-element_type=\"container\">\n\t\t\t\t<div class=\"elementor-element elementor-element-c47cd34 elementor-mobile-align-center elementor-align-center elementor-invisible elementor-widget elementor-widget-button\" data-id=\"c47cd34\" data-element_type=\"widget\" data-settings=\"{&quot;_animation&quot;:&quot;fadeInDown&quot;}\" data-widget_type=\"button.default\">\n\t\t\t\t\t\t\t\t\t\t<a class=\"elementor-button elementor-button-link elementor-size-sm elementor-animation-grow\" href=\"https:\/\/www.doctolib.fr\/psychologue\/landrevarzec\/laurianne-le-guern?pid=practice-720568\">\n\t\t\t\t\t\t<span class=\"elementor-button-content-wrapper\">\n\t\t\t\t\t\t\t\t\t<span class=\"elementor-button-text\">Prendre rendez-vous<\/span>\n\t\t\t\t\t<\/span>\n\t\t\t\t\t<\/a>\n\t\t\t\t\t\t\t\t<\/div>\n\t\t\t\t<\/div>\n\t\t\t\t<\/div>\n\t\t<div class=\"elementor-element elementor-element-614a4d66 e-con-full e-flex e-con e-child\" data-id=\"614a4d66\" data-element_type=\"container\" data-settings=\"{&quot;background_background&quot;:&quot;classic&quot;}\">\n\t\t\t\t<\/div>\n\t\t\t\t<\/div>\n\t\t<div class=\"elementor-element elementor-element-61aedc0f e-con-full e-flex e-con e-parent\" data-id=\"61aedc0f\" data-element_type=\"container\">\n\t\t<div class=\"elementor-element elementor-element-64960c9a e-con-full e-flex e-con e-child\" data-id=\"64960c9a\" data-element_type=\"container\">\n\t\t\t\t<div class=\"elementor-element elementor-element-6b553867 elementor-widget elementor-widget-google_maps\" data-id=\"6b553867\" data-element_type=\"widget\" data-widget_type=\"google_maps.default\">\n\t\t\t\t\t\t\t<div class=\"elementor-custom-embed\">\n\t\t\t<iframe loading=\"lazy\"\n\t\t\t\t\tsrc=\"https:\/\/maps.google.com\/maps?q=5%20Avenue%20Miossec%20Quimper&#038;t=m&#038;z=17&#038;output=embed&#038;iwloc=near\"\n\t\t\t\t\ttitle=\"5 Avenue Miossec Quimper\"\n\t\t\t\t\taria-label=\"5 Avenue Miossec Quimper\"\n\t\t\t><\/iframe>\n\t\t<\/div>\n\t\t\t\t\t\t<\/div>\n\t\t\t\t<\/div>\n\t\t<div class=\"elementor-element elementor-element-5b7d19b9 e-con-full e-flex e-con e-child\" data-id=\"5b7d19b9\" data-element_type=\"container\">\n\t\t\t\t<div class=\"elementor-element elementor-element-513dce00 elementor-widget elementor-widget-heading\" data-id=\"513dce00\" data-element_type=\"widget\" data-widget_type=\"heading.default\">\n\t\t\t\t\t<h1 class=\"elementor-heading-title elementor-size-default\">Adresse<\/h1>\t\t\t\t<\/div>\n\t\t\t\t<div class=\"elementor-element elementor-element-38d883d6 elementor-widget-divider--view-line elementor-widget elementor-widget-divider\" data-id=\"38d883d6\" data-element_type=\"widget\" data-widget_type=\"divider.default\">\n\t\t\t\t\t\t\t<div class=\"elementor-divider\">\n\t\t\t<span class=\"elementor-divider-separator\">\n\t\t\t\t\t\t<\/span>\n\t\t<\/div>\n\t\t\t\t\t\t<\/div>\n\t\t\t\t<div class=\"elementor-element elementor-element-257e52de elementor-widget__width-initial elementor-widget elementor-widget-text-editor\" data-id=\"257e52de\" data-element_type=\"widget\" data-widget_type=\"text-editor.default\">\n\t\t\t\t\t\t\t\t\t<p>5 Avenue Miossec<\/p><p>29000 Quimper<\/p><p>2e \u00e9tage<\/p>\t\t\t\t\t\t\t\t<\/div>\n\t\t\t\t<\/div>\n\t\t\t\t<\/div>\n\t\t<div class=\"elementor-element elementor-element-b3f15fd e-flex e-con-boxed e-con e-parent\" data-id=\"b3f15fd\" data-element_type=\"container\">\n\t\t\t\t\t<div class=\"e-con-inner\">\n\t\t\t\t\t<\/div>\n\t\t\t\t<\/div>\n\t\t\t\t<\/div>\n\t\t","protected":false},"excerpt":{"rendered":"<p>Contact Horaires Lundi-Mercredi 9h30 &#8211; 17h30 Jeudi 9h30 &#8211; 19h00 Coordonn\u00e9es 06.85.57.35.57. laurianne.leguern.pro@gmail.com Prendre rendez-vous Adresse 5 Avenue Miossec 29000 Quimper 2e \u00e9tage<\/p>\n","protected":false},"author":1,"featured_media":13,"parent":0,"menu_order":0,"comment_status":"closed","ping_status":"closed","template":"elementor_header_footer","meta":{"footnotes":""},"class_list":["post-9","page","type-page","status-publish","has-post-thumbnail","hentry"],"yoast_head":"<!-- This site is optimized with the Yoast SEO plugin v26.6 - https:\/\/yoast.com\/wordpress\/plugins\/seo\/ -->\n<title>Contact - Laurianne Le Guern, Psychologue - Consultations en visio ou en pr\u00e9sentiel<\/title>\n<meta name=\"robots\" content=\"index, follow, max-snippet:-1, max-image-preview:large, max-video-preview:-1\" \/>\n<link rel=\"canonical\" href=\"https:\/\/laurianne-leguern-psychologue.fr\/index.php\/contact-us\/\" \/>\n<meta property=\"og:locale\" content=\"fr_FR\" \/>\n<meta property=\"og:type\" content=\"article\" \/>\n<meta property=\"og:title\" content=\"Contact - Laurianne Le Guern, Psychologue - Consultations en visio ou en pr\u00e9sentiel\" \/>\n<meta property=\"og:description\" content=\"Contact Horaires Lundi-Mercredi 9h30 &#8211; 17h30 Jeudi 9h30 &#8211; 19h00 Coordonn\u00e9es 06.85.57.35.57. laurianne.leguern.pro@gmail.com Prendre rendez-vous Adresse 5 Avenue Miossec 29000 Quimper 2e \u00e9tage\" \/>\n<meta property=\"og:url\" content=\"https:\/\/laurianne-leguern-psychologue.fr\/index.php\/contact-us\/\" \/>\n<meta property=\"og:site_name\" content=\"Laurianne Le Guern, Psychologue - Consultations en visio ou en pr\u00e9sentiel\" \/>\n<meta property=\"article:modified_time\" content=\"2026-01-03T22:16:40+00:00\" \/>\n<meta property=\"og:image\" content=\"https:\/\/laurianne-leguern-psychologue.fr\/wp-content\/uploads\/2025\/12\/Contact-400_380.jpg\" \/>\n\t<meta property=\"og:image:width\" content=\"400\" \/>\n\t<meta property=\"og:image:height\" content=\"380\" \/>\n\t<meta property=\"og:image:type\" content=\"image\/jpeg\" \/>\n<meta name=\"twitter:card\" content=\"summary_large_image\" \/>\n<script type=\"application\/ld+json\" class=\"yoast-schema-graph\">{\"@context\":\"https:\/\/schema.org\",\"@graph\":[{\"@type\":\"WebPage\",\"@id\":\"https:\/\/laurianne-leguern-psychologue.fr\/index.php\/contact-us\/\",\"url\":\"https:\/\/laurianne-leguern-psychologue.fr\/index.php\/contact-us\/\",\"name\":\"Contact - Laurianne Le Guern, Psychologue - Consultations en visio ou en pr\u00e9sentiel\",\"isPartOf\":{\"@id\":\"https:\/\/laurianne-leguern-psychologue.fr\/#website\"},\"primaryImageOfPage\":{\"@id\":\"https:\/\/laurianne-leguern-psychologue.fr\/index.php\/contact-us\/#primaryimage\"},\"image\":{\"@id\":\"https:\/\/laurianne-leguern-psychologue.fr\/index.php\/contact-us\/#primaryimage\"},\"thumbnailUrl\":\"https:\/\/laurianne-leguern-psychologue.fr\/wp-content\/uploads\/2025\/12\/Contact-400_380.jpg\",\"datePublished\":\"2025-12-30T14:44:32+00:00\",\"dateModified\":\"2026-01-03T22:16:40+00:00\",\"breadcrumb\":{\"@id\":\"https:\/\/laurianne-leguern-psychologue.fr\/index.php\/contact-us\/#breadcrumb\"},\"inLanguage\":\"fr-FR\",\"potentialAction\":[{\"@type\":\"ReadAction\",\"target\":[\"https:\/\/laurianne-leguern-psychologue.fr\/index.php\/contact-us\/\"]}]},{\"@type\":\"ImageObject\",\"inLanguage\":\"fr-FR\",\"@id\":\"https:\/\/laurianne-leguern-psychologue.fr\/index.php\/contact-us\/#primaryimage\",\"url\":\"https:\/\/laurianne-leguern-psychologue.fr\/wp-content\/uploads\/2025\/12\/Contact-400_380.jpg\",\"contentUrl\":\"https:\/\/laurianne-leguern-psychologue.fr\/wp-content\/uploads\/2025\/12\/Contact-400_380.jpg\",\"width\":400,\"height\":380},{\"@type\":\"BreadcrumbList\",\"@id\":\"https:\/\/laurianne-leguern-psychologue.fr\/index.php\/contact-us\/#breadcrumb\",\"itemListElement\":[{\"@type\":\"ListItem\",\"position\":1,\"name\":\"Accueil\",\"item\":\"https:\/\/laurianne-leguern-psychologue.fr\/\"},{\"@type\":\"ListItem\",\"position\":2,\"name\":\"Contact\"}]},{\"@type\":\"WebSite\",\"@id\":\"https:\/\/laurianne-leguern-psychologue.fr\/#website\",\"url\":\"https:\/\/laurianne-leguern-psychologue.fr\/\",\"name\":\"Laurianne Le Guern, Psychologue - Consultations en visio ou en pr\u00e9sentiel\",\"description\":\"Consultations pour les adultes en visio, au cabinet, et \u00e0 domicile.\",\"publisher\":{\"@id\":\"https:\/\/laurianne-leguern-psychologue.fr\/#\/schema\/person\/c4cc920f061825ee7ef738a333fc7d44\"},\"potentialAction\":[{\"@type\":\"SearchAction\",\"target\":{\"@type\":\"EntryPoint\",\"urlTemplate\":\"https:\/\/laurianne-leguern-psychologue.fr\/?s={search_term_string}\"},\"query-input\":{\"@type\":\"PropertyValueSpecification\",\"valueRequired\":true,\"valueName\":\"search_term_string\"}}],\"inLanguage\":\"fr-FR\"},{\"@type\":[\"Person\",\"Organization\"],\"@id\":\"https:\/\/laurianne-leguern-psychologue.fr\/#\/schema\/person\/c4cc920f061825ee7ef738a333fc7d44\",\"name\":\"admin8335\",\"image\":{\"@type\":\"ImageObject\",\"inLanguage\":\"fr-FR\",\"@id\":\"https:\/\/laurianne-leguern-psychologue.fr\/#\/schema\/person\/image\/\",\"url\":\"https:\/\/laurianne-leguern-psychologue.fr\/wp-content\/uploads\/2025\/12\/Logo-e1767452008399.png\",\"contentUrl\":\"https:\/\/laurianne-leguern-psychologue.fr\/wp-content\/uploads\/2025\/12\/Logo-e1767452008399.png\",\"width\":100,\"height\":100,\"caption\":\"admin8335\"},\"logo\":{\"@id\":\"https:\/\/laurianne-leguern-psychologue.fr\/#\/schema\/person\/image\/\"},\"sameAs\":[\"http:\/\/laurianne-leguern-psychologue.fr\"]}]}<\/script>\n<!-- \/ Yoast SEO plugin. -->","yoast_head_json":{"title":"Contact - Laurianne Le Guern, Psychologue - Consultations en visio ou en pr\u00e9sentiel","robots":{"index":"index","follow":"follow","max-snippet":"max-snippet:-1","max-image-preview":"max-image-preview:large","max-video-preview":"max-video-preview:-1"},"canonical":"https:\/\/laurianne-leguern-psychologue.fr\/index.php\/contact-us\/","og_locale":"fr_FR","og_type":"article","og_title":"Contact - Laurianne Le Guern, Psychologue - Consultations en visio ou en pr\u00e9sentiel","og_description":"Contact Horaires Lundi-Mercredi 9h30 &#8211; 17h30 Jeudi 9h30 &#8211; 19h00 Coordonn\u00e9es 06.85.57.35.57. laurianne.leguern.pro@gmail.com Prendre rendez-vous Adresse 5 Avenue Miossec 29000 Quimper 2e \u00e9tage","og_url":"https:\/\/laurianne-leguern-psychologue.fr\/index.php\/contact-us\/","og_site_name":"Laurianne Le Guern, Psychologue - Consultations en visio ou en pr\u00e9sentiel","article_modified_time":"2026-01-03T22:16:40+00:00","og_image":[{"width":400,"height":380,"url":"https:\/\/laurianne-leguern-psychologue.fr\/wp-content\/uploads\/2025\/12\/Contact-400_380.jpg","type":"image\/jpeg"}],"twitter_card":"summary_large_image","schema":{"@context":"https:\/\/schema.org","@graph":[{"@type":"WebPage","@id":"https:\/\/laurianne-leguern-psychologue.fr\/index.php\/contact-us\/","url":"https:\/\/laurianne-leguern-psychologue.fr\/index.php\/contact-us\/","name":"Contact - Laurianne Le Guern, Psychologue - Consultations en visio ou en pr\u00e9sentiel","isPartOf":{"@id":"https:\/\/laurianne-leguern-psychologue.fr\/#website"},"primaryImageOfPage":{"@id":"https:\/\/laurianne-leguern-psychologue.fr\/index.php\/contact-us\/#primaryimage"},"image":{"@id":"https:\/\/laurianne-leguern-psychologue.fr\/index.php\/contact-us\/#primaryimage"},"thumbnailUrl":"https:\/\/laurianne-leguern-psychologue.fr\/wp-content\/uploads\/2025\/12\/Contact-400_380.jpg","datePublished":"2025-12-30T14:44:32+00:00","dateModified":"2026-01-03T22:16:40+00:00","breadcrumb":{"@id":"https:\/\/laurianne-leguern-psychologue.fr\/index.php\/contact-us\/#breadcrumb"},"inLanguage":"fr-FR","potentialAction":[{"@type":"ReadAction","target":["https:\/\/laurianne-leguern-psychologue.fr\/index.php\/contact-us\/"]}]},{"@type":"ImageObject","inLanguage":"fr-FR","@id":"https:\/\/laurianne-leguern-psychologue.fr\/index.php\/contact-us\/#primaryimage","url":"https:\/\/laurianne-leguern-psychologue.fr\/wp-content\/uploads\/2025\/12\/Contact-400_380.jpg","contentUrl":"https:\/\/laurianne-leguern-psychologue.fr\/wp-content\/uploads\/2025\/12\/Contact-400_380.jpg","width":400,"height":380},{"@type":"BreadcrumbList","@id":"https:\/\/laurianne-leguern-psychologue.fr\/index.php\/contact-us\/#breadcrumb","itemListElement":[{"@type":"ListItem","position":1,"name":"Accueil","item":"https:\/\/laurianne-leguern-psychologue.fr\/"},{"@type":"ListItem","position":2,"name":"Contact"}]},{"@type":"WebSite","@id":"https:\/\/laurianne-leguern-psychologue.fr\/#website","url":"https:\/\/laurianne-leguern-psychologue.fr\/","name":"Laurianne Le Guern, Psychologue - Consultations en visio ou en pr\u00e9sentiel","description":"Consultations pour les adultes en visio, au cabinet, et \u00e0 domicile.","publisher":{"@id":"https:\/\/laurianne-leguern-psychologue.fr\/#\/schema\/person\/c4cc920f061825ee7ef738a333fc7d44"},"potentialAction":[{"@type":"SearchAction","target":{"@type":"EntryPoint","urlTemplate":"https:\/\/laurianne-leguern-psychologue.fr\/?s={search_term_string}"},"query-input":{"@type":"PropertyValueSpecification","valueRequired":true,"valueName":"search_term_string"}}],"inLanguage":"fr-FR"},{"@type":["Person","Organization"],"@id":"https:\/\/laurianne-leguern-psychologue.fr\/#\/schema\/person\/c4cc920f061825ee7ef738a333fc7d44","name":"admin8335","image":{"@type":"ImageObject","inLanguage":"fr-FR","@id":"https:\/\/laurianne-leguern-psychologue.fr\/#\/schema\/person\/image\/","url":"https:\/\/laurianne-leguern-psychologue.fr\/wp-content\/uploads\/2025\/12\/Logo-e1767452008399.png","contentUrl":"https:\/\/laurianne-leguern-psychologue.fr\/wp-content\/uploads\/2025\/12\/Logo-e1767452008399.png","width":100,"height":100,"caption":"admin8335"},"logo":{"@id":"https:\/\/laurianne-leguern-psychologue.fr\/#\/schema\/person\/image\/"},"sameAs":["http:\/\/laurianne-leguern-psychologue.fr"]}]}},"_links":{"self":[{"href":"https:\/\/laurianne-leguern-psychologue.fr\/index.php\/wp-json\/wp\/v2\/pages\/9","targetHints":{"allow":["GET"]}}],"collection":[{"href":"https:\/\/laurianne-leguern-psychologue.fr\/index.php\/wp-json\/wp\/v2\/pages"}],"about":[{"href":"https:\/\/laurianne-leguern-psychologue.fr\/index.php\/wp-json\/wp\/v2\/types\/page"}],"author":[{"embeddable":true,"href":"https:\/\/laurianne-leguern-psychologue.fr\/index.php\/wp-json\/wp\/v2\/users\/1"}],"replies":[{"embeddable":true,"href":"https:\/\/laurianne-leguern-psychologue.fr\/index.php\/wp-json\/wp\/v2\/comments?post=9"}],"version-history":[{"count":17,"href":"https:\/\/laurianne-leguern-psychologue.fr\/index.php\/wp-json\/wp\/v2\/pages\/9\/revisions"}],"predecessor-version":[{"id":226,"href":"https:\/\/laurianne-leguern-psychologue.fr\/index.php\/wp-json\/wp\/v2\/pages\/9\/revisions\/226"}],"wp:featuredmedia":[{"embeddable":true,"href":"https:\/\/laurianne-leguern-psychologue.fr\/index.php\/wp-json\/wp\/v2\/media\/13"}],"wp:attachment":[{"href":"https:\/\/laurianne-leguern-psychologue.fr\/index.php\/wp-json\/wp\/v2\/media?parent=9"}],"curies":[{"name":"wp","href":"https:\/\/api.w.org\/{rel}","templated":true}]}}