{"id":26,"date":"2025-12-30T14:44:34","date_gmt":"2025-12-30T14:44:34","guid":{"rendered":"http:\/\/laurianne-leguern-psychologue.fr\/index.php\/services\/"},"modified":"2026-01-03T21:54:01","modified_gmt":"2026-01-03T21:54:01","slug":"services","status":"publish","type":"page","link":"https:\/\/laurianne-leguern-psychologue.fr\/index.php\/services\/","title":{"rendered":"Prestations"},"content":{"rendered":"\t\t<div data-elementor-type=\"wp-page\" data-elementor-id=\"26\" class=\"elementor elementor-26\">\n\t\t\t\t<div class=\"elementor-element elementor-element-79337ab3 e-flex e-con-boxed e-con e-parent\" data-id=\"79337ab3\" data-element_type=\"container\">\n\t\t\t\t\t<div class=\"e-con-inner\">\n\t\t\t\t<div class=\"elementor-element elementor-element-194f2976 elementor-widget elementor-widget-heading\" data-id=\"194f2976\" data-element_type=\"widget\" data-widget_type=\"heading.default\">\n\t\t\t\t\t<h1 class=\"elementor-heading-title elementor-size-default\">Prestations<\/h1>\t\t\t\t<\/div>\n\t\t\t\t<div class=\"elementor-element elementor-element-47d860d6 elementor-widget-divider--view-line elementor-widget elementor-widget-divider\" data-id=\"47d860d6\" data-element_type=\"widget\" data-widget_type=\"divider.default\">\n\t\t\t\t\t\t\t<div class=\"elementor-divider\">\n\t\t\t<span class=\"elementor-divider-separator\">\n\t\t\t\t\t\t<\/span>\n\t\t<\/div>\n\t\t\t\t\t\t<\/div>\n\t\t\t\t<div class=\"elementor-element elementor-element-647280b7 elementor-widget__width-initial elementor-widget-tablet__width-initial elementor-widget elementor-widget-heading\" data-id=\"647280b7\" data-element_type=\"widget\" data-widget_type=\"heading.default\">\n\t\t\t\t\t<h5 class=\"elementor-heading-title elementor-size-default\">Types d'accompagnement propos\u00e9s<\/h5>\t\t\t\t<\/div>\n\t\t\t\t\t<\/div>\n\t\t\t\t<\/div>\n\t\t<div class=\"elementor-element elementor-element-7e361ef8 e-flex e-con-boxed e-con e-parent\" data-id=\"7e361ef8\" data-element_type=\"container\" id=\"service1\">\n\t\t\t\t\t<div class=\"e-con-inner\">\n\t\t<div class=\"elementor-element elementor-element-132928fd e-con-full e-flex e-con e-child\" data-id=\"132928fd\" data-element_type=\"container\">\n\t\t\t\t<div class=\"elementor-element elementor-element-62b9e50a elementor-widget elementor-widget-heading\" data-id=\"62b9e50a\" data-element_type=\"widget\" data-widget_type=\"heading.default\">\n\t\t\t\t\t<h2 class=\"elementor-heading-title elementor-size-default\">Souffrance au travail<\/h2>\t\t\t\t<\/div>\n\t\t\t\t<div class=\"elementor-element elementor-element-7f0d478e elementor-widget__width-initial elementor-widget elementor-widget-text-editor\" data-id=\"7f0d478e\" data-element_type=\"widget\" data-widget_type=\"text-editor.default\">\n\t\t\t\t\t\t\t\t\t<p>Quand le travail am\u00e8ne la souffrance, l&rsquo;\u00e9puisement, la perte de motivation&#8230; il ne faut pas attendre. C&rsquo;est le signe que quelque chose ne va pas.\u00a0<\/p><ul><li dir=\"ltr\" role=\"presentation\">Burnout, \u00e9puisement<\/li><li dir=\"ltr\" role=\"presentation\">Perte de sens\/de motivation<\/li><li dir=\"ltr\" role=\"presentation\">Pression constante, conflits<\/li><li dir=\"ltr\" role=\"presentation\">Harc\u00e8lement, anxi\u00e9t\u00e9 au travail<\/li><li dir=\"ltr\" role=\"presentation\">Reconversion professionnelle&#8230;<\/li><\/ul><div>\u00a0<\/div><div>Toutes ces situations s&rsquo;accompagnent d&rsquo;une souffrance psychologique qui n&rsquo;est pas \u00e0 n\u00e9gliger. Ensemble, nous identifierons les \u00e9l\u00e9ments probl\u00e9matiques et r\u00e9fl\u00e9chirons aux solutions \u00e0 y apporter.\u00a0<\/div>\t\t\t\t\t\t\t\t<\/div>\n\t\t\t\t<\/div>\n\t\t<div class=\"elementor-element elementor-element-2f14ea25 e-con-full e-flex e-con e-child\" data-id=\"2f14ea25\" data-element_type=\"container\" data-settings=\"{&quot;background_background&quot;:&quot;classic&quot;}\">\n\t\t\t\t<\/div>\n\t\t\t\t\t<\/div>\n\t\t\t\t<\/div>\n\t\t<div class=\"elementor-element elementor-element-5957b5a7 e-flex e-con-boxed e-con e-parent\" data-id=\"5957b5a7\" data-element_type=\"container\" id=\"service2\">\n\t\t\t\t\t<div class=\"e-con-inner\">\n\t\t<div class=\"elementor-element elementor-element-14ab9ec5 e-con-full e-flex e-con e-child\" data-id=\"14ab9ec5\" data-element_type=\"container\">\n\t\t\t\t<div class=\"elementor-element elementor-element-17688e3d elementor-widget elementor-widget-heading\" data-id=\"17688e3d\" data-element_type=\"widget\" data-widget_type=\"heading.default\">\n\t\t\t\t\t<h2 class=\"elementor-heading-title elementor-size-default\">Difficult\u00e9s parentales<\/h2>\t\t\t\t<\/div>\n\t\t\t\t<div class=\"elementor-element elementor-element-78ee4bf8 elementor-widget elementor-widget-text-editor\" data-id=\"78ee4bf8\" data-element_type=\"widget\" data-widget_type=\"text-editor.default\">\n\t\t\t\t\t\t\t\t\t<p>Devenir parent, c&rsquo;est un moment de vie bien particulier o\u00f9 s&rsquo;entrem\u00ealent de nombreuses \u00e9motions. La parentalit\u00e9 n&rsquo;est pas un chemin tout trac\u00e9, il se construit dans le temps par l&rsquo;exp\u00e9rience.\u00a0<\/p><p>Il arrive que sur ce chemin se trouve un certain nombre de difficult\u00e9s qui affectent la mani\u00e8re dont on le traverse :<\/p><ul><li>Grossesse\/accouchement difficile<\/li><li>D\u00e9pression post-partum<\/li><li>Difficult\u00e9s \u00e9ducatives<\/li><li>Charge mentale excessive<\/li><li>Equilibre vie pro-vie perso<\/li><\/ul><p>\u00a0<\/p><p><span style=\"background-color: transparent;\">Je peux vous aider \u00e0 remettre du sens l\u00e0 o\u00f9 vous n&rsquo;en trouvez plus, apaiser ce qui fait mal et retrouver un peu de s\u00e9r\u00e9nit\u00e9 l\u00e0 o\u00f9 vous rencontrez le chaos.<\/span><\/p>\t\t\t\t\t\t\t\t<\/div>\n\t\t\t\t<\/div>\n\t\t<div class=\"elementor-element elementor-element-683c8e86 e-con-full e-flex e-con e-child\" data-id=\"683c8e86\" data-element_type=\"container\" data-settings=\"{&quot;background_background&quot;:&quot;classic&quot;}\">\n\t\t\t\t<\/div>\n\t\t\t\t\t<\/div>\n\t\t\t\t<\/div>\n\t\t<div class=\"elementor-element elementor-element-38b24392 e-flex e-con-boxed e-con e-parent\" data-id=\"38b24392\" data-element_type=\"container\" id=\"service3\">\n\t\t\t\t\t<div class=\"e-con-inner\">\n\t\t<div class=\"elementor-element elementor-element-162e45bf e-con-full e-flex e-con e-child\" data-id=\"162e45bf\" data-element_type=\"container\">\n\t\t\t\t<div class=\"elementor-element elementor-element-4aa2e462 elementor-widget elementor-widget-heading\" data-id=\"4aa2e462\" data-element_type=\"widget\" data-widget_type=\"heading.default\">\n\t\t\t\t\t<h2 class=\"elementor-heading-title elementor-size-default\">Soutien individuel<\/h2>\t\t\t\t<\/div>\n\t\t\t\t<div class=\"elementor-element elementor-element-5ef27139 elementor-widget elementor-widget-text-editor\" data-id=\"5ef27139\" data-element_type=\"widget\" data-widget_type=\"text-editor.default\">\n\t\t\t\t\t\t\t\t\t<ul><li><span style=\"background-color: transparent;\">Anxi\u00e9t\u00e9<\/span><\/li><li dir=\"ltr\" role=\"presentation\">D\u00e9pression<\/li><li dir=\"ltr\" role=\"presentation\">Stress chronique<\/li><li dir=\"ltr\" role=\"presentation\">Deuil<\/li><li dir=\"ltr\" role=\"presentation\">S\u00e9paration\/divorce<\/li><\/ul><p>\u00a0<\/p><p>Vous vous reconnaissez dans l&rsquo;une de ces situations ? Je peux vous accompagner en identifiant avec vous les \u00e9l\u00e9ments probl\u00e9matiques dans votre vie actuelle, en vous amenant \u00e0 prendre du recul et pourquoi pas vous apporter des outils concrets issus des TCC (th\u00e9rapies cognitives et comportementales) pour vous aider \u00e0 traverser cela ?<\/p>\t\t\t\t\t\t\t\t<\/div>\n\t\t\t\t<\/div>\n\t\t<div class=\"elementor-element elementor-element-4429700b e-con-full e-flex e-con e-child\" data-id=\"4429700b\" data-element_type=\"container\" data-settings=\"{&quot;background_background&quot;:&quot;classic&quot;}\">\n\t\t\t\t<\/div>\n\t\t\t\t\t<\/div>\n\t\t\t\t<\/div>\n\t\t\t\t<\/div>\n\t\t","protected":false},"excerpt":{"rendered":"<p>Prestations Types d&rsquo;accompagnement propos\u00e9s Souffrance au travail Quand le travail am\u00e8ne la souffrance, l&rsquo;\u00e9puisement, la perte de motivation&#8230; il ne faut pas attendre. C&rsquo;est le signe que quelque chose ne va pas.\u00a0 Burnout, \u00e9puisement Perte de sens\/de motivation Pression constante, conflits Harc\u00e8lement, anxi\u00e9t\u00e9 au travail Reconversion professionnelle&#8230; \u00a0Toutes ces situations s&rsquo;accompagnent d&rsquo;une souffrance psychologique qui [&hellip;]<\/p>\n","protected":false},"author":1,"featured_media":29,"parent":0,"menu_order":0,"comment_status":"closed","ping_status":"closed","template":"elementor_header_footer","meta":{"footnotes":""},"class_list":["post-26","page","type-page","status-publish","has-post-thumbnail","hentry"],"yoast_head":"<!-- This site is optimized with the Yoast SEO plugin v26.6 - https:\/\/yoast.com\/wordpress\/plugins\/seo\/ -->\n<title>Prestations - Laurianne Le Guern, Psychologue - Consultations en visio ou en pr\u00e9sentiel<\/title>\n<meta name=\"robots\" content=\"index, follow, max-snippet:-1, max-image-preview:large, max-video-preview:-1\" \/>\n<link rel=\"canonical\" href=\"https:\/\/laurianne-leguern-psychologue.fr\/index.php\/services\/\" \/>\n<meta property=\"og:locale\" content=\"fr_FR\" \/>\n<meta property=\"og:type\" content=\"article\" \/>\n<meta property=\"og:title\" content=\"Prestations - Laurianne Le Guern, Psychologue - Consultations en visio ou en pr\u00e9sentiel\" \/>\n<meta property=\"og:description\" content=\"Prestations Types d&rsquo;accompagnement propos\u00e9s Souffrance au travail Quand le travail am\u00e8ne la souffrance, l&rsquo;\u00e9puisement, la perte de motivation&#8230; il ne faut pas attendre. C&rsquo;est le signe que quelque chose ne va pas.\u00a0 Burnout, \u00e9puisement Perte de sens\/de motivation Pression constante, conflits Harc\u00e8lement, anxi\u00e9t\u00e9 au travail Reconversion professionnelle&#8230; \u00a0Toutes ces situations s&rsquo;accompagnent d&rsquo;une souffrance psychologique qui [&hellip;]\" \/>\n<meta property=\"og:url\" content=\"https:\/\/laurianne-leguern-psychologue.fr\/index.php\/services\/\" \/>\n<meta property=\"og:site_name\" content=\"Laurianne Le Guern, Psychologue - Consultations en visio ou en pr\u00e9sentiel\" \/>\n<meta property=\"article:modified_time\" content=\"2026-01-03T21:54:01+00:00\" \/>\n<meta property=\"og:image\" content=\"https:\/\/laurianne-leguern-psychologue.fr\/wp-content\/uploads\/2025\/12\/Services-400_380.jpg\" \/>\n\t<meta property=\"og:image:width\" content=\"400\" \/>\n\t<meta property=\"og:image:height\" content=\"380\" \/>\n\t<meta property=\"og:image:type\" content=\"image\/jpeg\" \/>\n<meta name=\"twitter:card\" content=\"summary_large_image\" \/>\n<meta name=\"twitter:label1\" content=\"Dur\u00e9e de lecture estim\u00e9e\" \/>\n\t<meta name=\"twitter:data1\" content=\"1 minute\" \/>\n<script type=\"application\/ld+json\" class=\"yoast-schema-graph\">{\"@context\":\"https:\/\/schema.org\",\"@graph\":[{\"@type\":\"WebPage\",\"@id\":\"https:\/\/laurianne-leguern-psychologue.fr\/index.php\/services\/\",\"url\":\"https:\/\/laurianne-leguern-psychologue.fr\/index.php\/services\/\",\"name\":\"Prestations - Laurianne Le Guern, Psychologue - Consultations en visio ou en pr\u00e9sentiel\",\"isPartOf\":{\"@id\":\"https:\/\/laurianne-leguern-psychologue.fr\/#website\"},\"primaryImageOfPage\":{\"@id\":\"https:\/\/laurianne-leguern-psychologue.fr\/index.php\/services\/#primaryimage\"},\"image\":{\"@id\":\"https:\/\/laurianne-leguern-psychologue.fr\/index.php\/services\/#primaryimage\"},\"thumbnailUrl\":\"https:\/\/laurianne-leguern-psychologue.fr\/wp-content\/uploads\/2025\/12\/Services-400_380.jpg\",\"datePublished\":\"2025-12-30T14:44:34+00:00\",\"dateModified\":\"2026-01-03T21:54:01+00:00\",\"breadcrumb\":{\"@id\":\"https:\/\/laurianne-leguern-psychologue.fr\/index.php\/services\/#breadcrumb\"},\"inLanguage\":\"fr-FR\",\"potentialAction\":[{\"@type\":\"ReadAction\",\"target\":[\"https:\/\/laurianne-leguern-psychologue.fr\/index.php\/services\/\"]}]},{\"@type\":\"ImageObject\",\"inLanguage\":\"fr-FR\",\"@id\":\"https:\/\/laurianne-leguern-psychologue.fr\/index.php\/services\/#primaryimage\",\"url\":\"https:\/\/laurianne-leguern-psychologue.fr\/wp-content\/uploads\/2025\/12\/Services-400_380.jpg\",\"contentUrl\":\"https:\/\/laurianne-leguern-psychologue.fr\/wp-content\/uploads\/2025\/12\/Services-400_380.jpg\",\"width\":400,\"height\":380},{\"@type\":\"BreadcrumbList\",\"@id\":\"https:\/\/laurianne-leguern-psychologue.fr\/index.php\/services\/#breadcrumb\",\"itemListElement\":[{\"@type\":\"ListItem\",\"position\":1,\"name\":\"Accueil\",\"item\":\"https:\/\/laurianne-leguern-psychologue.fr\/\"},{\"@type\":\"ListItem\",\"position\":2,\"name\":\"Prestations\"}]},{\"@type\":\"WebSite\",\"@id\":\"https:\/\/laurianne-leguern-psychologue.fr\/#website\",\"url\":\"https:\/\/laurianne-leguern-psychologue.fr\/\",\"name\":\"Laurianne Le Guern, Psychologue - Consultations en visio ou en pr\u00e9sentiel\",\"description\":\"Consultations pour les adultes en visio, au cabinet, et \u00e0 domicile.\",\"publisher\":{\"@id\":\"https:\/\/laurianne-leguern-psychologue.fr\/#\/schema\/person\/c4cc920f061825ee7ef738a333fc7d44\"},\"potentialAction\":[{\"@type\":\"SearchAction\",\"target\":{\"@type\":\"EntryPoint\",\"urlTemplate\":\"https:\/\/laurianne-leguern-psychologue.fr\/?s={search_term_string}\"},\"query-input\":{\"@type\":\"PropertyValueSpecification\",\"valueRequired\":true,\"valueName\":\"search_term_string\"}}],\"inLanguage\":\"fr-FR\"},{\"@type\":[\"Person\",\"Organization\"],\"@id\":\"https:\/\/laurianne-leguern-psychologue.fr\/#\/schema\/person\/c4cc920f061825ee7ef738a333fc7d44\",\"name\":\"admin8335\",\"image\":{\"@type\":\"ImageObject\",\"inLanguage\":\"fr-FR\",\"@id\":\"https:\/\/laurianne-leguern-psychologue.fr\/#\/schema\/person\/image\/\",\"url\":\"https:\/\/laurianne-leguern-psychologue.fr\/wp-content\/uploads\/2025\/12\/Logo-e1767452008399.png\",\"contentUrl\":\"https:\/\/laurianne-leguern-psychologue.fr\/wp-content\/uploads\/2025\/12\/Logo-e1767452008399.png\",\"width\":100,\"height\":100,\"caption\":\"admin8335\"},\"logo\":{\"@id\":\"https:\/\/laurianne-leguern-psychologue.fr\/#\/schema\/person\/image\/\"},\"sameAs\":[\"http:\/\/laurianne-leguern-psychologue.fr\"]}]}<\/script>\n<!-- \/ Yoast SEO plugin. -->","yoast_head_json":{"title":"Prestations - Laurianne Le Guern, Psychologue - Consultations en visio ou en pr\u00e9sentiel","robots":{"index":"index","follow":"follow","max-snippet":"max-snippet:-1","max-image-preview":"max-image-preview:large","max-video-preview":"max-video-preview:-1"},"canonical":"https:\/\/laurianne-leguern-psychologue.fr\/index.php\/services\/","og_locale":"fr_FR","og_type":"article","og_title":"Prestations - Laurianne Le Guern, Psychologue - Consultations en visio ou en pr\u00e9sentiel","og_description":"Prestations Types d&rsquo;accompagnement propos\u00e9s Souffrance au travail Quand le travail am\u00e8ne la souffrance, l&rsquo;\u00e9puisement, la perte de motivation&#8230; il ne faut pas attendre. C&rsquo;est le signe que quelque chose ne va pas.\u00a0 Burnout, \u00e9puisement Perte de sens\/de motivation Pression constante, conflits Harc\u00e8lement, anxi\u00e9t\u00e9 au travail Reconversion professionnelle&#8230; \u00a0Toutes ces situations s&rsquo;accompagnent d&rsquo;une souffrance psychologique qui [&hellip;]","og_url":"https:\/\/laurianne-leguern-psychologue.fr\/index.php\/services\/","og_site_name":"Laurianne Le Guern, Psychologue - Consultations en visio ou en pr\u00e9sentiel","article_modified_time":"2026-01-03T21:54:01+00:00","og_image":[{"width":400,"height":380,"url":"https:\/\/laurianne-leguern-psychologue.fr\/wp-content\/uploads\/2025\/12\/Services-400_380.jpg","type":"image\/jpeg"}],"twitter_card":"summary_large_image","twitter_misc":{"Dur\u00e9e de lecture estim\u00e9e":"1 minute"},"schema":{"@context":"https:\/\/schema.org","@graph":[{"@type":"WebPage","@id":"https:\/\/laurianne-leguern-psychologue.fr\/index.php\/services\/","url":"https:\/\/laurianne-leguern-psychologue.fr\/index.php\/services\/","name":"Prestations - Laurianne Le Guern, Psychologue - Consultations en visio ou en pr\u00e9sentiel","isPartOf":{"@id":"https:\/\/laurianne-leguern-psychologue.fr\/#website"},"primaryImageOfPage":{"@id":"https:\/\/laurianne-leguern-psychologue.fr\/index.php\/services\/#primaryimage"},"image":{"@id":"https:\/\/laurianne-leguern-psychologue.fr\/index.php\/services\/#primaryimage"},"thumbnailUrl":"https:\/\/laurianne-leguern-psychologue.fr\/wp-content\/uploads\/2025\/12\/Services-400_380.jpg","datePublished":"2025-12-30T14:44:34+00:00","dateModified":"2026-01-03T21:54:01+00:00","breadcrumb":{"@id":"https:\/\/laurianne-leguern-psychologue.fr\/index.php\/services\/#breadcrumb"},"inLanguage":"fr-FR","potentialAction":[{"@type":"ReadAction","target":["https:\/\/laurianne-leguern-psychologue.fr\/index.php\/services\/"]}]},{"@type":"ImageObject","inLanguage":"fr-FR","@id":"https:\/\/laurianne-leguern-psychologue.fr\/index.php\/services\/#primaryimage","url":"https:\/\/laurianne-leguern-psychologue.fr\/wp-content\/uploads\/2025\/12\/Services-400_380.jpg","contentUrl":"https:\/\/laurianne-leguern-psychologue.fr\/wp-content\/uploads\/2025\/12\/Services-400_380.jpg","width":400,"height":380},{"@type":"BreadcrumbList","@id":"https:\/\/laurianne-leguern-psychologue.fr\/index.php\/services\/#breadcrumb","itemListElement":[{"@type":"ListItem","position":1,"name":"Accueil","item":"https:\/\/laurianne-leguern-psychologue.fr\/"},{"@type":"ListItem","position":2,"name":"Prestations"}]},{"@type":"WebSite","@id":"https:\/\/laurianne-leguern-psychologue.fr\/#website","url":"https:\/\/laurianne-leguern-psychologue.fr\/","name":"Laurianne Le Guern, Psychologue - Consultations en visio ou en pr\u00e9sentiel","description":"Consultations pour les adultes en visio, au cabinet, et \u00e0 domicile.","publisher":{"@id":"https:\/\/laurianne-leguern-psychologue.fr\/#\/schema\/person\/c4cc920f061825ee7ef738a333fc7d44"},"potentialAction":[{"@type":"SearchAction","target":{"@type":"EntryPoint","urlTemplate":"https:\/\/laurianne-leguern-psychologue.fr\/?s={search_term_string}"},"query-input":{"@type":"PropertyValueSpecification","valueRequired":true,"valueName":"search_term_string"}}],"inLanguage":"fr-FR"},{"@type":["Person","Organization"],"@id":"https:\/\/laurianne-leguern-psychologue.fr\/#\/schema\/person\/c4cc920f061825ee7ef738a333fc7d44","name":"admin8335","image":{"@type":"ImageObject","inLanguage":"fr-FR","@id":"https:\/\/laurianne-leguern-psychologue.fr\/#\/schema\/person\/image\/","url":"https:\/\/laurianne-leguern-psychologue.fr\/wp-content\/uploads\/2025\/12\/Logo-e1767452008399.png","contentUrl":"https:\/\/laurianne-leguern-psychologue.fr\/wp-content\/uploads\/2025\/12\/Logo-e1767452008399.png","width":100,"height":100,"caption":"admin8335"},"logo":{"@id":"https:\/\/laurianne-leguern-psychologue.fr\/#\/schema\/person\/image\/"},"sameAs":["http:\/\/laurianne-leguern-psychologue.fr"]}]}},"_links":{"self":[{"href":"https:\/\/laurianne-leguern-psychologue.fr\/index.php\/wp-json\/wp\/v2\/pages\/26","targetHints":{"allow":["GET"]}}],"collection":[{"href":"https:\/\/laurianne-leguern-psychologue.fr\/index.php\/wp-json\/wp\/v2\/pages"}],"about":[{"href":"https:\/\/laurianne-leguern-psychologue.fr\/index.php\/wp-json\/wp\/v2\/types\/page"}],"author":[{"embeddable":true,"href":"https:\/\/laurianne-leguern-psychologue.fr\/index.php\/wp-json\/wp\/v2\/users\/1"}],"replies":[{"embeddable":true,"href":"https:\/\/laurianne-leguern-psychologue.fr\/index.php\/wp-json\/wp\/v2\/comments?post=26"}],"version-history":[{"count":26,"href":"https:\/\/laurianne-leguern-psychologue.fr\/index.php\/wp-json\/wp\/v2\/pages\/26\/revisions"}],"predecessor-version":[{"id":211,"href":"https:\/\/laurianne-leguern-psychologue.fr\/index.php\/wp-json\/wp\/v2\/pages\/26\/revisions\/211"}],"wp:featuredmedia":[{"embeddable":true,"href":"https:\/\/laurianne-leguern-psychologue.fr\/index.php\/wp-json\/wp\/v2\/media\/29"}],"wp:attachment":[{"href":"https:\/\/laurianne-leguern-psychologue.fr\/index.php\/wp-json\/wp\/v2\/media?parent=26"}],"curies":[{"name":"wp","href":"https:\/\/api.w.org\/{rel}","templated":true}]}}